{"id":2314,"date":"2020-01-23T20:55:21","date_gmt":"2020-01-23T19:55:21","guid":{"rendered":"https:\/\/uszytki.pl\/?post_type=product&#038;p=2314"},"modified":"2022-11-28T15:22:49","modified_gmt":"2022-11-28T14:22:49","slug":"pani-dominika","status":"publish","type":"product","link":"https:\/\/uszytki.pl\/en\/uszytek\/pani-dominika\/","title":{"rendered":"Pani Dominika"},"content":{"rendered":"<p>O tym, \u017ce zostanie psychologiem zdecydowa\u0142a ju\u017c jako zbuntowana nastolatka, gdy przegl\u0105daj\u0105c jaki\u015b podr\u0119cznik odkry\u0142a, \u017ce za wi\u0119kszo\u015b\u0107 zaburze\u0144 odpowiadaj\u0105 rodzice&#8230; Bunt min\u0105\u0142, wr\u00f3ci\u0142a czu\u0142o\u015b\u0107 dla rodzic\u00f3w, ale zaw\u00f3d okaza\u0142 si\u0119 strza\u0142em w dziesi\u0105tk\u0119. Chocia\u017c dzisiaj szef firmy, kt\u00f3ra j\u0105 zatrudnia\u0142a, zasugerowa\u0142, \u017ceby akurat pracoholik\u00f3w zostawi\u0142a w spokoju&#8230;<\/p>\n<p>Pani Dominika.<\/p>\n<p>Lalka jest r\u0119cznie uszyta, wype\u0142niona antyalergicznym silikonowym wk\u0142adem do zabawek. Materia\u0142y cz\u0119\u015bciowo pochodz\u0105 z recyklingu. Ramiona i nogi s\u0105 ruchome. W\u0142osy syntetyczne, mo\u017cna czesa\u0107. Cz\u0119\u015b\u0107 odzie\u017cy mo\u017cna zdj\u0105\u0107. Twarz namalowa\u0142am farb\u0105 akrylow\u0105 do tkanin. W razie zabrudzenia delikatnie wyczy\u015bci\u0107.<\/p>\n<p><a href=\"https:\/\/uszytki.pl\/wp-content\/uploads\/2020\/01\/d1.jpg\"><img loading=\"lazy\" decoding=\"async\" class=\"alignnone size-medium wp-image-2315\" src=\"https:\/\/uszytki.pl\/wp-content\/uploads\/2020\/01\/d1-300x300.jpg\" alt=\"\" width=\"300\" height=\"300\" srcset=\"https:\/\/uszytki.pl\/wp-content\/uploads\/2020\/01\/d1-300x301.jpg 300w, https:\/\/uszytki.pl\/wp-content\/uploads\/2020\/01\/d1-150x150.jpg 150w, https:\/\/uszytki.pl\/wp-content\/uploads\/2020\/01\/d1-768x770.jpg 768w, https:\/\/uszytki.pl\/wp-content\/uploads\/2020\/01\/d1-60x60.jpg 60w, https:\/\/uszytki.pl\/wp-content\/uploads\/2020\/01\/d1-100x100.jpg 100w, https:\/\/uszytki.pl\/wp-content\/uploads\/2020\/01\/d1.jpg 800w\" sizes=\"auto, (max-width: 300px) 100vw, 300px\" \/><\/a> <a href=\"https:\/\/uszytki.pl\/wp-content\/uploads\/2020\/01\/d2.jpg\"><img loading=\"lazy\" decoding=\"async\" class=\"alignnone size-medium wp-image-2316\" src=\"https:\/\/uszytki.pl\/wp-content\/uploads\/2020\/01\/d2-300x300.jpg\" alt=\"\" width=\"300\" height=\"300\" srcset=\"https:\/\/uszytki.pl\/wp-content\/uploads\/2020\/01\/d2-300x301.jpg 300w, https:\/\/uszytki.pl\/wp-content\/uploads\/2020\/01\/d2-150x150.jpg 150w, https:\/\/uszytki.pl\/wp-content\/uploads\/2020\/01\/d2-768x770.jpg 768w, https:\/\/uszytki.pl\/wp-content\/uploads\/2020\/01\/d2-60x60.jpg 60w, https:\/\/uszytki.pl\/wp-content\/uploads\/2020\/01\/d2-100x100.jpg 100w, https:\/\/uszytki.pl\/wp-content\/uploads\/2020\/01\/d2.jpg 800w\" sizes=\"auto, (max-width: 300px) 100vw, 300px\" \/><\/a> <a href=\"https:\/\/uszytki.pl\/wp-content\/uploads\/2020\/01\/d4.jpg\"><img loading=\"lazy\" decoding=\"async\" class=\"alignnone size-medium wp-image-2317\" src=\"https:\/\/uszytki.pl\/wp-content\/uploads\/2020\/01\/d4-300x300.jpg\" alt=\"\" width=\"300\" height=\"300\" srcset=\"https:\/\/uszytki.pl\/wp-content\/uploads\/2020\/01\/d4-300x300.jpg 300w, https:\/\/uszytki.pl\/wp-content\/uploads\/2020\/01\/d4-150x150.jpg 150w, https:\/\/uszytki.pl\/wp-content\/uploads\/2020\/01\/d4-768x769.jpg 768w, https:\/\/uszytki.pl\/wp-content\/uploads\/2020\/01\/d4-60x60.jpg 60w, https:\/\/uszytki.pl\/wp-content\/uploads\/2020\/01\/d4-100x100.jpg 100w, https:\/\/uszytki.pl\/wp-content\/uploads\/2020\/01\/d4.jpg 800w\" sizes=\"auto, (max-width: 300px) 100vw, 300px\" \/><\/a> <a href=\"https:\/\/uszytki.pl\/wp-content\/uploads\/2020\/01\/d5.jpg\"><img loading=\"lazy\" decoding=\"async\" class=\"alignnone size-medium wp-image-2318\" src=\"https:\/\/uszytki.pl\/wp-content\/uploads\/2020\/01\/d5-300x300.jpg\" alt=\"\" width=\"300\" height=\"300\" srcset=\"https:\/\/uszytki.pl\/wp-content\/uploads\/2020\/01\/d5-300x300.jpg 300w, https:\/\/uszytki.pl\/wp-content\/uploads\/2020\/01\/d5-150x150.jpg 150w, https:\/\/uszytki.pl\/wp-content\/uploads\/2020\/01\/d5-768x769.jpg 768w, https:\/\/uszytki.pl\/wp-content\/uploads\/2020\/01\/d5-60x60.jpg 60w, https:\/\/uszytki.pl\/wp-content\/uploads\/2020\/01\/d5-100x100.jpg 100w, https:\/\/uszytki.pl\/wp-content\/uploads\/2020\/01\/d5.jpg 800w\" sizes=\"auto, (max-width: 300px) 100vw, 300px\" \/><\/a> <a href=\"https:\/\/uszytki.pl\/wp-content\/uploads\/2020\/01\/d8.jpg\"><img loading=\"lazy\" decoding=\"async\" class=\"alignnone size-medium wp-image-2320\" src=\"https:\/\/uszytki.pl\/wp-content\/uploads\/2020\/01\/d8-300x300.jpg\" alt=\"\" width=\"300\" height=\"300\" srcset=\"https:\/\/uszytki.pl\/wp-content\/uploads\/2020\/01\/d8-300x301.jpg 300w, https:\/\/uszytki.pl\/wp-content\/uploads\/2020\/01\/d8-150x150.jpg 150w, https:\/\/uszytki.pl\/wp-content\/uploads\/2020\/01\/d8-768x770.jpg 768w, https:\/\/uszytki.pl\/wp-content\/uploads\/2020\/01\/d8-60x60.jpg 60w, https:\/\/uszytki.pl\/wp-content\/uploads\/2020\/01\/d8-100x100.jpg 100w, https:\/\/uszytki.pl\/wp-content\/uploads\/2020\/01\/d8.jpg 800w\" sizes=\"auto, (max-width: 300px) 100vw, 300px\" \/><\/a> <a href=\"https:\/\/uszytki.pl\/wp-content\/uploads\/2020\/01\/d9.jpg\"><img loading=\"lazy\" decoding=\"async\" class=\"alignnone size-medium wp-image-2321\" src=\"https:\/\/uszytki.pl\/wp-content\/uploads\/2020\/01\/d9-300x300.jpg\" alt=\"\" width=\"300\" height=\"300\" srcset=\"https:\/\/uszytki.pl\/wp-content\/uploads\/2020\/01\/d9-300x300.jpg 300w, https:\/\/uszytki.pl\/wp-content\/uploads\/2020\/01\/d9-150x150.jpg 150w, https:\/\/uszytki.pl\/wp-content\/uploads\/2020\/01\/d9-60x60.jpg 60w, https:\/\/uszytki.pl\/wp-content\/uploads\/2020\/01\/d9-100x100.jpg 100w\" sizes=\"auto, (max-width: 300px) 100vw, 300px\" \/><\/a> <a href=\"https:\/\/uszytki.pl\/wp-content\/uploads\/2020\/01\/d10.jpg\"><img loading=\"lazy\" decoding=\"async\" class=\"alignnone size-medium wp-image-2322\" src=\"https:\/\/uszytki.pl\/wp-content\/uploads\/2020\/01\/d10-300x300.jpg\" alt=\"\" width=\"300\" height=\"300\" srcset=\"https:\/\/uszytki.pl\/wp-content\/uploads\/2020\/01\/d10-300x300.jpg 300w, https:\/\/uszytki.pl\/wp-content\/uploads\/2020\/01\/d10-150x150.jpg 150w, https:\/\/uszytki.pl\/wp-content\/uploads\/2020\/01\/d10-60x60.jpg 60w, https:\/\/uszytki.pl\/wp-content\/uploads\/2020\/01\/d10-100x100.jpg 100w\" sizes=\"auto, (max-width: 300px) 100vw, 300px\" \/><\/a> <a href=\"https:\/\/uszytki.pl\/wp-content\/uploads\/2020\/01\/d11.jpg\"><img loading=\"lazy\" decoding=\"async\" class=\"alignnone size-medium wp-image-2323\" src=\"https:\/\/uszytki.pl\/wp-content\/uploads\/2020\/01\/d11-300x300.jpg\" alt=\"\" width=\"300\" height=\"300\" srcset=\"https:\/\/uszytki.pl\/wp-content\/uploads\/2020\/01\/d11-300x300.jpg 300w, https:\/\/uszytki.pl\/wp-content\/uploads\/2020\/01\/d11-150x150.jpg 150w, https:\/\/uszytki.pl\/wp-content\/uploads\/2020\/01\/d11-768x769.jpg 768w, https:\/\/uszytki.pl\/wp-content\/uploads\/2020\/01\/d11-60x60.jpg 60w, https:\/\/uszytki.pl\/wp-content\/uploads\/2020\/01\/d11-100x100.jpg 100w, https:\/\/uszytki.pl\/wp-content\/uploads\/2020\/01\/d11.jpg 800w\" sizes=\"auto, (max-width: 300px) 100vw, 300px\" \/><\/a><\/p>\n","protected":false},"excerpt":{"rendered":"<p>O tym, \u017ce zostanie psychologiem zdecydowa\u0142a ju\u017c jako zbuntowana nastolatka, gdy przegl\u0105daj\u0105c jaki\u015b podr\u0119cznik odkry\u0142a, \u017ce za wi\u0119kszo\u015b\u0107 zaburze\u0144 odpowiadaj\u0105 rodzice&#8230; Bunt min\u0105\u0142, wr\u00f3ci\u0142a czu\u0142o\u015b\u0107 dla rodzic\u00f3w, ale zaw\u00f3d okaza\u0142 si\u0119 strza\u0142em w dziesi\u0105tk\u0119. Chocia\u017c dzisiaj szef firmy, kt\u00f3ra j\u0105 zatrudnia\u0142a, zasugerowa\u0142, \u017ceby akurat pracoholik\u00f3w zostawi\u0142a w spokoju&#8230; Pani Dominika. Lalka jest r\u0119cznie uszyta, wype\u0142niona [&hellip;]<\/p>\n","protected":false},"featured_media":2323,"comment_status":"open","ping_status":"closed","template":"","meta":[],"product_brand":[],"product_cat":[20],"product_tag":[217,202,216,97,209,148],"class_list":{"0":"post-2314","1":"product","2":"type-product","3":"status-publish","4":"has-post-thumbnail","6":"product_cat-lale","7":"product_tag-cloth-doll","8":"product_tag-dziewczyna","9":"product_tag-handmade","10":"product_tag-lalka-recznie-szyta","11":"product_tag-malowane-oczy","12":"product_tag-torebka","14":"first","15":"instock","16":"sold-individually","17":"shipping-taxable","18":"purchasable","19":"product-type-simple"},"_links":{"self":[{"href":"https:\/\/uszytki.pl\/en\/wp-json\/wp\/v2\/product\/2314","targetHints":{"allow":["GET"]}}],"collection":[{"href":"https:\/\/uszytki.pl\/en\/wp-json\/wp\/v2\/product"}],"about":[{"href":"https:\/\/uszytki.pl\/en\/wp-json\/wp\/v2\/types\/product"}],"replies":[{"embeddable":true,"href":"https:\/\/uszytki.pl\/en\/wp-json\/wp\/v2\/comments?post=2314"}],"wp:featuredmedia":[{"embeddable":true,"href":"https:\/\/uszytki.pl\/en\/wp-json\/wp\/v2\/media\/2323"}],"wp:attachment":[{"href":"https:\/\/uszytki.pl\/en\/wp-json\/wp\/v2\/media?parent=2314"}],"wp:term":[{"taxonomy":"product_brand","embeddable":true,"href":"https:\/\/uszytki.pl\/en\/wp-json\/wp\/v2\/product_brand?post=2314"},{"taxonomy":"product_cat","embeddable":true,"href":"https:\/\/uszytki.pl\/en\/wp-json\/wp\/v2\/product_cat?post=2314"},{"taxonomy":"product_tag","embeddable":true,"href":"https:\/\/uszytki.pl\/en\/wp-json\/wp\/v2\/product_tag?post=2314"}],"curies":[{"name":"wp","href":"https:\/\/api.w.org\/{rel}","templated":true}]}}