{"id":244,"date":"2014-02-03T16:12:43","date_gmt":"2014-02-03T15:12:43","guid":{"rendered":"http:\/\/uszytki.pl\/?page_id=244"},"modified":"2020-09-10T20:25:04","modified_gmt":"2020-09-10T18:25:04","slug":"kontakt","status":"publish","type":"page","link":"https:\/\/uszytki.pl\/en\/kontakt\/","title":{"rendered":"Kontakt"},"content":{"rendered":"<p>Poni\u017cszy formularz s\u0142u\u017cy do bezpo\u015bredniego kontaktu w dowolnej sprawie.<\/p>\n<p>Zapraszam tak\u017ce do kapryszenia i stawiania mi wyzwa\u0144. Ch\u0119tnie przyjmuj\u0119 zam\u00f3wienia specjalne, mog\u0119 co\u015b uszy\u0107 wed\u0142ug wytycznych (np. &#8220;c\u00f3reczka marzy o lalce-baletnicy w r\u00f3\u017cowej sukience&#8221;) albo postara\u0107 si\u0119 upodobni\u0107 uszytek do zdj\u0119cia (np. &#8220;to jest moja te\u015bciowa, poprosz\u0119 o lal\u0119 z takimi samymi okularami i fryzur\u0105 &#8211; na prezent&#8221;).<\/p>\n<h4>Formularz tymczasowo niedost\u0119pny, zapraszam na <a href=\"https:\/\/www.facebook.com\/Uszytki-539761689464657\">Facebooka<\/a>.<\/h4>\n","protected":false},"excerpt":{"rendered":"<p>Poni\u017cszy formularz s\u0142u\u017cy do bezpo\u015bredniego kontaktu w dowolnej sprawie. Zapraszam tak\u017ce do kapryszenia i stawiania mi wyzwa\u0144. Ch\u0119tnie przyjmuj\u0119 zam\u00f3wienia specjalne, mog\u0119 co\u015b uszy\u0107 wed\u0142ug wytycznych (np. &#8220;c\u00f3reczka marzy o lalce-baletnicy w r\u00f3\u017cowej sukience&#8221;) albo postara\u0107 si\u0119 upodobni\u0107 uszytek do zdj\u0119cia (np. &#8220;to jest moja te\u015bciowa, poprosz\u0119 o lal\u0119 z takimi samymi okularami i fryzur\u0105 [&hellip;]<\/p>\n","protected":false},"author":3,"featured_media":0,"parent":0,"menu_order":0,"comment_status":"closed","ping_status":"closed","template":"","meta":{"footnotes":""},"class_list":["post-244","page","type-page","status-publish","hentry"],"_links":{"self":[{"href":"https:\/\/uszytki.pl\/en\/wp-json\/wp\/v2\/pages\/244","targetHints":{"allow":["GET"]}}],"collection":[{"href":"https:\/\/uszytki.pl\/en\/wp-json\/wp\/v2\/pages"}],"about":[{"href":"https:\/\/uszytki.pl\/en\/wp-json\/wp\/v2\/types\/page"}],"author":[{"embeddable":true,"href":"https:\/\/uszytki.pl\/en\/wp-json\/wp\/v2\/users\/3"}],"replies":[{"embeddable":true,"href":"https:\/\/uszytki.pl\/en\/wp-json\/wp\/v2\/comments?post=244"}],"version-history":[{"count":3,"href":"https:\/\/uszytki.pl\/en\/wp-json\/wp\/v2\/pages\/244\/revisions"}],"predecessor-version":[{"id":2356,"href":"https:\/\/uszytki.pl\/en\/wp-json\/wp\/v2\/pages\/244\/revisions\/2356"}],"wp:attachment":[{"href":"https:\/\/uszytki.pl\/en\/wp-json\/wp\/v2\/media?parent=244"}],"curies":[{"name":"wp","href":"https:\/\/api.w.org\/{rel}","templated":true}]}}