{"id":232,"date":"2014-02-03T15:18:02","date_gmt":"2014-02-03T14:18:02","guid":{"rendered":"http:\/\/uszytki.pl\/?page_id=232"},"modified":"2016-02-09T10:21:20","modified_gmt":"2016-02-09T09:21:20","slug":"wysylka-i-platnosc","status":"publish","type":"page","link":"https:\/\/uszytki.pl\/en\/wysylka-i-platnosc\/","title":{"rendered":"Wysy\u0142ka i p\u0142atno\u015b\u0107"},"content":{"rendered":"<p>Honorowane sposoby dostawy:<\/p>\n<ul>\n<li>Przesy\u0142ka kurierska &#8211; koszt 20 z\u0142 za zam\u00f3wienie niezale\u017cnie od liczby towar\u00f3w.<\/li>\n<li>Odbi\u00f3r osobisty we Wroc\u0142awiu (osiedle G\u0105d\u00f3w Ma\u0142y), szczeg\u00f3\u0142y pod numerem telefonu kontaktowego (+48) 607-952-114.<\/li>\n<\/ul>\n<p>P\u0142atno\u015b\u0107: przelewem na rachunek bankowy podany ni\u017cej lub got\u00f3wk\u0105 przy odbiorze osobistym.<\/p>\n<p>Rachunek bankowy:<br \/>\n65 1140 2004 0000 3802 7604 8288 (mBank)<br \/>\nBINARNY &#8211; Jacek Symonowicz<\/p>\n","protected":false},"excerpt":{"rendered":"<p>Honorowane sposoby dostawy: Przesy\u0142ka kurierska &#8211; koszt 20 z\u0142 za zam\u00f3wienie niezale\u017cnie od liczby towar\u00f3w. Odbi\u00f3r osobisty we Wroc\u0142awiu (osiedle G\u0105d\u00f3w Ma\u0142y), szczeg\u00f3\u0142y pod numerem telefonu kontaktowego (+48) 607-952-114. P\u0142atno\u015b\u0107: przelewem na rachunek bankowy podany ni\u017cej lub got\u00f3wk\u0105 przy odbiorze osobistym. Rachunek bankowy: 65 1140 2004 0000 3802 7604 8288 (mBank) BINARNY &#8211; Jacek Symonowicz<\/p>\n","protected":false},"author":3,"featured_media":0,"parent":0,"menu_order":0,"comment_status":"closed","ping_status":"closed","template":"","meta":{"footnotes":""},"class_list":["post-232","page","type-page","status-publish","hentry"],"_links":{"self":[{"href":"https:\/\/uszytki.pl\/en\/wp-json\/wp\/v2\/pages\/232","targetHints":{"allow":["GET"]}}],"collection":[{"href":"https:\/\/uszytki.pl\/en\/wp-json\/wp\/v2\/pages"}],"about":[{"href":"https:\/\/uszytki.pl\/en\/wp-json\/wp\/v2\/types\/page"}],"author":[{"embeddable":true,"href":"https:\/\/uszytki.pl\/en\/wp-json\/wp\/v2\/users\/3"}],"replies":[{"embeddable":true,"href":"https:\/\/uszytki.pl\/en\/wp-json\/wp\/v2\/comments?post=232"}],"version-history":[{"count":5,"href":"https:\/\/uszytki.pl\/en\/wp-json\/wp\/v2\/pages\/232\/revisions"}],"predecessor-version":[{"id":1675,"href":"https:\/\/uszytki.pl\/en\/wp-json\/wp\/v2\/pages\/232\/revisions\/1675"}],"wp:attachment":[{"href":"https:\/\/uszytki.pl\/en\/wp-json\/wp\/v2\/media?parent=232"}],"curies":[{"name":"wp","href":"https:\/\/api.w.org\/{rel}","templated":true}]}}