{"id":230,"date":"2014-02-03T15:10:54","date_gmt":"2014-02-03T14:10:54","guid":{"rendered":"http:\/\/uszytki.pl\/?page_id=230"},"modified":"2015-05-19T23:44:51","modified_gmt":"2015-05-19T21:44:51","slug":"regulamin","status":"publish","type":"page","link":"https:\/\/uszytki.pl\/en\/regulamin\/","title":{"rendered":"Regulamin"},"content":{"rendered":"<p><\/p>\n<p align=\"center\"><strong>Regulamin sklepu internetowego uszytki.pl<\/strong><\/p>\n<p align=\"center\"><strong>\u00a0<\/strong><\/p>\n<p align=\"center\"><strong>1. Postanowienia og\u00f3lne<br \/>\n<\/strong><\/p>\n<ol>\n<li>Poni\u017cszy tekst stanowi regulamin sklepu uszytki.pl (zwanego dalej Sklepem) prowadzonego pod adresem uszytki.pl i okre\u015bla zasady korzystania ze Sklepu, w tym zawierania i wykonywania um\u00f3w sprzeda\u017cy. Operatorem oraz w\u0142a\u015bcicielem Sklepu (zwanym dalej Sprzedawc\u0105) jest BINARNY &#8211; Jacek Symonowicz, NIP: 894-272-83-78.<\/li>\n<li>Regulamin ten obowi\u0105zuje Sprzedawc\u0119 oraz wszystkich Klient\u00f3w korzystaj\u0105cych z us\u0142ug Sklepu.<\/li>\n<li>Warunkiem korzystania ze Sklepu jest akceptacja postanowie\u0144 i zasad niniejszego regulaminu. Z\u0142o\u017cenie zam\u00f3wienia w Sklepie jest jednoznaczne z jego akceptacj\u0105.<\/li>\n<li>Informacje dotycz\u0105ce produkt\u00f3w i tre\u015bci zawarte w Sklepie, nie stanowi\u0105 oferty w rozumieniu Kodeksu Cywilnego, s\u0105 jedynie zaproszeniem do negocjacji.<\/li>\n<li>Wizerunki produkt\u00f3w prezentowane w Sklepie nie oddaj\u0105 ich rzeczywistej wielko\u015bci i maj\u0105 jedynie charakter informacyjny. R\u00f3\u017cnice w wygl\u0105dzie produkt\u00f3w wynikaj\u0105ce z ustawie\u0144 sprz\u0119tu komputerowego Klienta nie mog\u0105 by\u0107 podstaw\u0105 do z\u0142o\u017cenia reklamacji zakupionego produktu.<\/li>\n<li>Cena podana przy ka\u017cdym produkcie jest wi\u0105\u017c\u0105ca w chwili z\u0142o\u017cenia zam\u00f3wienia przez Klienta.<\/li>\n<li>Wszystkie ceny podawane w Sklepie s\u0105 wyra\u017cone w z\u0142otych polskich i zawieraj\u0105 podatek VAT.<\/li>\n<li>Do ka\u017cdego zrealizowanego zam\u00f3wienia do\u0142\u0105czany jest rachunek.<\/li>\n<li>Rachunek nale\u017cy zachowa\u0107 na wypadek ewentualnych zwrot\u00f3w lub reklamacji.<\/li>\n<li>Koszty wysy\u0142ki s\u0105 ka\u017cdorazowo okre\u015blone w trakcie procesu zakupowego w Sklepie.<\/li>\n<li>Sprzedawca zastrzega sobie prawo do zmiany produkt\u00f3w oraz cen produkt\u00f3w znajduj\u0105cych si\u0119 w ofercie Sklepu oraz przeprowadzania i odwo\u0142ywania wszelkiego rodzaju akcji promocyjnych oraz wyprzeda\u017cy.<\/li>\n<\/ol>\n<p>\u00a0<\/p>\n<p align=\"center\"><strong>2. Sk\u0142adanie i realizacja zam\u00f3wie\u0144<\/strong><\/p>\n<ol>\n<li>Z\u0142o\u017cenie przez Klienta zam\u00f3wienia odbywa si\u0119 poprzez prawid\u0142owe zako\u0144czenie procesu zakupowego na stronie Sklepu. Tym samym Klient sk\u0142ada ofert\u0119 kupna produktu w rozumieniu przepis\u00f3w Kodeksu Cywilnego.<\/li>\n<li>Klient zobowi\u0105zany jest do podania danych zgodne ze stanem rzeczywistym.<\/li>\n<li>Sprzedawca prze\u015ble Klientowi potwierdzenie otrzymania zam\u00f3wienia drog\u0105 elektroniczn\u0105, przy czym potwierdzenie to nie stanowi potwierdzenia przyj\u0119cia oferty w rozumieniu Kodeksu Cywilnego.<\/li>\n<li>Sprzedawca zastrzega sobie mo\u017cliwo\u015b\u0107 odmowy realizacji zam\u00f3wienia o czym powiadomi Klienta drog\u0105 elektroniczn\u0105. W takim wypadku Sprzedawca, w ci\u0105gu 7 dni, dokona zwrotu dokonanej przez Klienta zap\u0142aty.<\/li>\n<li>Zam\u00f3wienia mo\u017cna sk\u0142ada\u0107 ca\u0142odobowo, w ka\u017cdym dniu tygodnia. Realizacja zam\u00f3wie\u0144 odbywa si\u0119 w dni robocze, tj. od poniedzia\u0142ku do pi\u0105tku, w godzinach 9:00-17:00, z wy\u0142\u0105czeniem dni ustawowo wolnych od pracy.<\/li>\n<li>O ile nie zaznaczono tego wyra\u017anie na stronie produktu, zam\u00f3wienia wysy\u0142ane s\u0105 w terminie do 3 dni roboczych od momentu zaksi\u0119gowania wp\u0142aty, za po\u015brednictwem firmy kurierskiej. Termin wysy\u0142ki nie jest r\u00f3wnowa\u017cny z terminem dostarczenia zam\u00f3wienia Klientowi.<\/li>\n<li>Je\u017celi Kurier nie zastanie Klienta pod wskazanym w zam\u00f3wieniu adresem pozostawi awizo. Sklep nie gwarantuje, i\u017c kurier skontaktuje si\u0119 telefonicznie z Klientem przed pr\u00f3b\u0105 dostarczenia przesy\u0142ki. Sklep nie gwarantuje tak\u017ce mo\u017cliwo\u015bci ustalenia z Kurierem konkretnej godziny dostarczenia przesy\u0142ki.<\/li>\n<li>Sprzedawca nie ponosi odpowiedzialno\u015bci za wyd\u0142u\u017cony czas dostawy, kt\u00f3ry wynikn\u0105\u0142 z winy Kuriera.<\/li>\n<li>Klient zobowi\u0105zany jest przed przyj\u0119ciem przesy\u0142ki, w obecno\u015bci kuriera, sprawdzi\u0107 og\u00f3lny stan przesy\u0142ki oraz czy opakowanie nie jest naruszone. Je\u017celi opakowanie jest naruszone i nosi znamiona uszkodzenia, Klient zobowi\u0105zany jest odm\u00f3wi\u0107 przyj\u0119cia przesy\u0142ki. W takiej sytuacji, Klient sporz\u0105dza protok\u00f3\u0142 w obecno\u015bci kuriera oraz niezw\u0142ocznie kontaktuje si\u0119 ze Sprzedawc\u0105, w celu przekazania informacji o stwierdzonych uszkodzeniach.<\/li>\n<li>Ryzyko utraty lub uszkodzenia produktu przechodzi na Klienta z chwil\u0105 pokwitowania odbioru przesy\u0142ki.<\/li>\n<li>Istnieje mo\u017cliwo\u015b\u0107 wys\u0142ania zam\u00f3wionych produkt\u00f3w do innego kraju ni\u017c Polska. W takim wypadku Klient przed z\u0142o\u017ceniem zam\u00f3wienia, powinien skontaktowa\u0107 si\u0119 ze Sprzedawc\u0105 w celu ustalenia szczeg\u00f3\u0142\u00f3w. Wszystkie koszty zwi\u0105zane z zagraniczn\u0105 wysy\u0142k\u0105 pokrywa Klient.<\/li>\n<li>Sprzedawca nie ponosi odpowiedzialno\u015bci za niedotrzymanie terminu realizacji z przyczyn od niego niezale\u017cnych, w szczeg\u00f3lno\u015bci w przypadku wyst\u0105pienia si\u0142y wy\u017cszej. W razie zaistnienia przyczyn uniemo\u017cliwiaj\u0105cych realizacj\u0119 zam\u00f3wienia we w\u0142a\u015bciwym terminie wskazanym w regulaminie, Sprzedawca niezw\u0142ocznie zawiadomi o powy\u017cszym Klienta, podaj\u0105c jednocze\u015bnie przewidywany czas realizacji zam\u00f3wienia. W takim przypadku Klient mo\u017ce odst\u0105pi\u0107 od umowy.<\/li>\n<\/ol>\n<p>\u00a0<\/p>\n<p align=\"center\"><strong>3. Odst\u0105pienie od umowy<br \/>\n<\/strong><\/p>\n<ol>\n<li>Zgodnie z art. 7 ustawy z dnia 2 marca 2002 roku \u201eo ochronie niekt\u00f3rych praw konsument\u00f3w oraz o odpowiedzialno\u015bci za szkod\u0119 wyrz\u0105dzon\u0105 przez produkt niebezpieczny\u201d (Dz.U. 2000.22.271), Klient mo\u017ce zrezygnowa\u0107 z produkt\u00f3w zakupionych w Sklepie bez podania przyczyny \u2013 w ci\u0105gu 10 dni od daty odebrania przesy\u0142ki.<\/li>\n<li>Zwracany w powy\u017cszym trybie produkt powinien by\u0107 odes\u0142any w stanie niezmienionym. Do przesy\u0142ki powinny by\u0107 do\u0142\u0105czone: dokument sprzeda\u017cy oraz pisemne o\u015bwiadczenie o odst\u0105pieniu od umowy.<\/li>\n<li>Koszty zwrotnego przes\u0142ania towaru pokrywa Klient.<\/li>\n<li>Sprzedawca o\u015bwiadcza, i\u017c nie przyjmuje przesy\u0142ek za pobraniem.<\/li>\n<li>Sprzedawca nie odpowiada za uszkodzenia towaru powsta\u0142e w transporcie dokonywanym na zlecenie Klienta.<\/li>\n<li>Je\u017celi Klient dokonuj\u0105cy zwrotu nie spe\u0142ni wymog\u00f3w skutecznego odst\u0105pienia od umowy, Sprzedawca zastrzega sobie prawo do odrzucenia zwrotu i odmowy zwrotu zap\u0142aty lub do obci\u0105\u017cenia Klienta uzasadnionymi kosztami w zakresie dozwolonym przez obowi\u0105zuj\u0105ce przepisy.<\/li>\n<li>W przypadku prawid\u0142owego odst\u0105pienia od umowy, zap\u0142ata zostanie przelana na konto Klienta, z kt\u00f3rego nast\u0105pi\u0142a p\u0142atno\u015b\u0107, w ci\u0105gu 14 dni.<\/li>\n<\/ol>\n<p>\u00a0<\/p>\n<p align=\"center\"><strong>4. Reklamacje<br \/>\n<\/strong><\/p>\n<ol>\n<li>Klient ma prawo sk\u0142ada\u0107 reklamacje zgodnie z obowi\u0105zuj\u0105cymi przepisami prawa.<\/li>\n<li>Reklamacje nale\u017cy zg\u0142asza\u0107, wysy\u0142aj\u0105c reklamowany towar, na adres e-mail Sprzedawcy: sklep@uszytki.pl z dopiskiem \u201ereklamacja \u2013 uszytki.pl\u201d, wraz z opisanym powodem z\u0142o\u017cenia reklamacji.<\/li>\n<li>Reklamowany towar Klient przesy\u0142a do siedziby Sprzedawcy na w\u0142asny koszt.<\/li>\n<li>Sprzedawca o\u015bwiadcza, i\u017c nie przyjmuje przesy\u0142ek za pobraniem.<\/li>\n<li>W razie stwierdzenia uszkodze\u0144, kt\u00f3re powsta\u0142y z winy Klienta, za kt\u00f3re Sprzedawca nie ponosi odpowiedzialno\u015bci, reklamacja zostanie odrzucona.<\/li>\n<li>Sprzedawca nie odpowiada za uszkodzenia towaru powsta\u0142e w transporcie dokonywanym na zlecenie Klienta.<\/li>\n<li>Sprzedawca rozpatrzy reklamacje w terminie 14 dni od daty otrzymania reklamowanego towaru.<\/li>\n<li>O wyniku procesu reklamacyjnego Sprzedawca powiadomi Klienta listownie, a je\u015bli b\u0119dzie taka mo\u017cliwo\u015b\u0107, tak\u017ce telefonicznie.<\/li>\n<\/ol>\n<p>\u00a0<\/p>\n<p align=\"center\"><strong>5. Ochrona danych osobowych<\/strong><\/p>\n<ol>\n<li>Zgodnie z ustaw\u0105 o ochronie danych osobowych z dnia 29 sierpnia 1997 (tekst jednolity z dnia 6 lipca 2002 r. \u2013 Dz.U. 2002.101.926), Sprzedawca zobowi\u0105zuje si\u0119 do ochrony danych osobowych Klienta.<\/li>\n<li>Sk\u0142adaj\u0105c zam\u00f3wienie, Klient dobrowolnie wyra\u017ca zgod\u0119 na gromadzenie, przetwarzanie i wykorzystywanie jego danych osobowych dla potrzeb zwi\u0105zanych z realizacj\u0105 zawartej umowy, a tak\u017ce w celu rozpatrywania\u00a0ewentualnych reklamacji oraz u\u0142atwienia sk\u0142adania kolejnych zam\u00f3wie\u0144.<\/li>\n<li>Klient mo\u017ce tak\u017ce udzieli\u0107 zgody na otrzymywanie materia\u0142\u00f3w promocyjnych i reklamowych w formie elektronicznej i papierowej.<\/li>\n<li>Administratorem danych osobowych U\u017cytkownik\u00f3w jest firma BINARNY &#8211; Jacek Symonowicz, NIP: 894-272-83-78.<\/li>\n<li>Klient o\u015bwiadcza, \u017ce zosta\u0142 poinformowany o przys\u0142uguj\u0105cych mu na podstawie przepis\u00f3w ustawy o ochronie danych osobowych uprawnieniach, a w szczeg\u00f3lno\u015bci o prawie wgl\u0105du do swoich danych, do ich korekty oraz \u017c\u0105dania zaprzestania ich wykorzystywania lub ich usuni\u0119cia.<\/li>\n<\/ol>\n<p>\u00a0<\/p>\n<p align=\"center\"><strong>6. Ochrona praw autorskich<\/strong><\/p>\n<ol>\n<li>Wszystkie teksty, materia\u0142y i zdj\u0119cia produkt\u00f3w zamieszczone na stronie internetowej Sklepu s\u0105 w\u0142asno\u015bci\u0105 Sprzedawcy. Zabranie si\u0119 kopiowania i jakiegokolwiek ich przetwarzania i wykorzystywania bez wiedzy i zgody Sprzedawcy.<\/li>\n<\/ol>\n<p>\u00a0<\/p>\n<p align=\"center\"><strong>7. Postanowienia ko\u0144cowe<\/strong><\/p>\n<ol>\n<li>Niniejszy regulamin wchodzi w \u017cycie z dniem 01.02.2014.<\/li>\n<li>Tre\u015b\u0107 regulaminu b\u0119dzie udost\u0119pniona wszystkim Klientom na stronie internetowej Sklepu.<\/li>\n<li>Sprzedawca zastrzega sobie prawo zmiany niniejszego regulaminu. Wszelkie zmiany w niniejszym regulaminie b\u0119d\u0105 obowi\u0105zywa\u0142y od dnia ich publikacji na stronie internetowej Sklepu.<\/li>\n<li>W sprawach nieregulowanych niniejszym regulaminem zastosowanie maj\u0105 powszechnie obowi\u0105zuj\u0105ce przepisy prawa.<\/li>\n<li>Spory powstaj\u0105ce przy wykonywaniu umowy kupna-sprzeda\u017cy rozstrzygane b\u0119d\u0105 przez S\u0105d powszechny.<\/li>\n<\/ol>\n<p><\/p>","protected":false},"excerpt":{"rendered":"<p>Regulamin sklepu internetowego uszytki.pl \u00a0 1. Postanowienia og\u00f3lne Poni\u017cszy tekst stanowi regulamin sklepu uszytki.pl (zwanego dalej Sklepem) prowadzonego pod adresem uszytki.pl i okre\u015bla zasady korzystania ze Sklepu, w tym zawierania i wykonywania um\u00f3w sprzeda\u017cy. Operatorem oraz w\u0142a\u015bcicielem Sklepu (zwanym dalej Sprzedawc\u0105) jest BINARNY &#8211; Jacek Symonowicz, NIP: 894-272-83-78. Regulamin ten obowi\u0105zuje Sprzedawc\u0119 oraz wszystkich Klient\u00f3w [&hellip;]<\/p>\n","protected":false},"author":3,"featured_media":0,"parent":0,"menu_order":0,"comment_status":"closed","ping_status":"closed","template":"","meta":{"footnotes":""},"class_list":["post-230","page","type-page","status-publish","hentry"],"_links":{"self":[{"href":"https:\/\/uszytki.pl\/en\/wp-json\/wp\/v2\/pages\/230","targetHints":{"allow":["GET"]}}],"collection":[{"href":"https:\/\/uszytki.pl\/en\/wp-json\/wp\/v2\/pages"}],"about":[{"href":"https:\/\/uszytki.pl\/en\/wp-json\/wp\/v2\/types\/page"}],"author":[{"embeddable":true,"href":"https:\/\/uszytki.pl\/en\/wp-json\/wp\/v2\/users\/3"}],"replies":[{"embeddable":true,"href":"https:\/\/uszytki.pl\/en\/wp-json\/wp\/v2\/comments?post=230"}],"version-history":[{"count":5,"href":"https:\/\/uszytki.pl\/en\/wp-json\/wp\/v2\/pages\/230\/revisions"}],"predecessor-version":[{"id":1369,"href":"https:\/\/uszytki.pl\/en\/wp-json\/wp\/v2\/pages\/230\/revisions\/1369"}],"wp:attachment":[{"href":"https:\/\/uszytki.pl\/en\/wp-json\/wp\/v2\/media?parent=230"}],"curies":[{"name":"wp","href":"https:\/\/api.w.org\/{rel}","templated":true}]}}